{"id":1490,"date":"2024-04-23T02:03:47","date_gmt":"2024-04-23T00:03:47","guid":{"rendered":"https:\/\/hotelduje.com\/sadrzaji\/"},"modified":"2024-07-02T21:29:05","modified_gmt":"2024-07-02T19:29:05","slug":"sadrzaji","status":"publish","type":"page","link":"https:\/\/hotelduje.com\/hr\/sadrzaji\/","title":{"rendered":"Sadr\u017eaji"},"content":{"rendered":"\t\t<div data-elementor-type=\"wp-page\" data-elementor-id=\"1490\" class=\"elementor elementor-1490 elementor-1268\">\n\t\t\t\t\t\t<section class=\"elementor-section elementor-top-section elementor-element elementor-element-0b1c609 elementor-section-height-min-height elementor-section-items-stretch elementor-section-boxed elementor-section-height-default\" data-id=\"0b1c609\" data-element_type=\"section\" data-e-type=\"section\" data-settings=\"{&quot;background_background&quot;:&quot;classic&quot;}\">\n\t\t\t\t\t\t<div class=\"elementor-container elementor-column-gap-default\">\n\t\t\t\t\t<div class=\"elementor-column elementor-col-100 elementor-top-column elementor-element elementor-element-86120b4\" data-id=\"86120b4\" data-element_type=\"column\" data-e-type=\"column\">\n\t\t\t<div class=\"elementor-widget-wrap elementor-element-populated\">\n\t\t\t\t\t\t<div class=\"elementor-element elementor-element-ebb0a91 elementor-align-center elementor-widget elementor-widget-raven-heading\" data-id=\"ebb0a91\" data-element_type=\"widget\" data-e-type=\"widget\" data-widget_type=\"raven-heading.default\">\n\t\t\t\t<div class=\"elementor-widget-container\">\n\t\t\t\t\t\t\t<div class=\"raven-widget-wrapper\"><h1 class=\"raven-heading raven-heading-h1\"><span class=\"raven-heading-title \">Sadr\u017eaji<\/span><\/h1><\/div>\n\t\t\t\t\t\t<\/div>\n\t\t\t\t<\/div>\n\t\t\t\t\t<\/div>\n\t\t<\/div>\n\t\t\t\t\t<\/div>\n\t\t<\/section>\n\t\t\t\t<section class=\"elementor-section elementor-top-section elementor-element elementor-element-5ac1087 elementor-section-boxed elementor-section-height-default elementor-section-height-default\" data-id=\"5ac1087\" data-element_type=\"section\" data-e-type=\"section\" data-settings=\"{&quot;background_background&quot;:&quot;classic&quot;}\">\n\t\t\t\t\t\t\t<div class=\"elementor-background-overlay\"><\/div>\n\t\t\t\t\t\t\t<div class=\"elementor-container elementor-column-gap-default\">\n\t\t\t\t\t<div class=\"elementor-column elementor-col-50 elementor-top-column elementor-element elementor-element-594ab40\" data-id=\"594ab40\" data-element_type=\"column\" data-e-type=\"column\">\n\t\t\t<div class=\"elementor-widget-wrap elementor-element-populated\">\n\t\t\t\t\t\t<div class=\"elementor-element elementor-element-e07bf7c elementor-widget elementor-widget-heading\" data-id=\"e07bf7c\" data-element_type=\"widget\" data-e-type=\"widget\" data-widget_type=\"heading.default\">\n\t\t\t\t<div class=\"elementor-widget-container\">\n\t\t\t\t\t<h3 class=\"elementor-heading-title elementor-size-default\">Bazen<\/h3>\t\t\t\t<\/div>\n\t\t\t\t<\/div>\n\t\t\t\t<div class=\"elementor-element elementor-element-28f9d72 elementor-widget elementor-widget-text-editor\" data-id=\"28f9d72\" data-element_type=\"widget\" data-e-type=\"widget\" data-widget_type=\"text-editor.default\">\n\t\t\t\t<div class=\"elementor-widget-container\">\n\t\t\t\t\t\t\t\t\t<p>Za vru\u0107ih ljetnih dana osvje\u017eenje mo\u017eete potra\u017eiti u vanjskom bazenu, smje\u0161tenom u produ\u017eetku terase. Za goste hotela le\u017ealjke i suncobrani su besplatni, a ukoliko Vam je bazen malen, pla\u017ea je tik preko puta.<\/p>\n\t\t\t\t\t\t\t\t<\/div>\n\t\t\t\t<\/div>\n\t\t\t\t\t<\/div>\n\t\t<\/div>\n\t\t\t\t<div class=\"elementor-column elementor-col-50 elementor-top-column elementor-element elementor-element-ccb561e\" data-id=\"ccb561e\" data-element_type=\"column\" data-e-type=\"column\">\n\t\t\t<div class=\"elementor-widget-wrap elementor-element-populated\">\n\t\t\t\t\t\t<div class=\"elementor-element elementor-element-71a521d elementor-widget elementor-widget-raven-image\" data-id=\"71a521d\" data-element_type=\"widget\" data-e-type=\"widget\" data-widget_type=\"raven-image.default\">\n\t\t\t\t<div class=\"elementor-widget-container\">\n\t\t\t\t\t\t\t<div class=\"raven-image\">\n\t\t\n\t\t\t\t\t\t<a href=\"https:\/\/hotelduje.com\/hr\/smjestaj\/obiteljske-sobe\/\" class=\"elementor-clickable\" data-elementor-open-lightbox=\"\">\n\t\t\n\t\t<img fetchpriority=\"high\" decoding=\"async\" width=\"1920\" height=\"1278\" src=\"https:\/\/hotelduje.com\/wp-content\/uploads\/2024\/04\/hotel-duje2.jpg\" class=\"attachment-full size-full wp-image-1372\" alt=\"Hotel Duje\" srcset=\"https:\/\/hotelduje.com\/wp-content\/uploads\/2024\/04\/hotel-duje2.jpg 1920w, https:\/\/hotelduje.com\/wp-content\/uploads\/2024\/04\/hotel-duje2-300x200.jpg 300w, https:\/\/hotelduje.com\/wp-content\/uploads\/2024\/04\/hotel-duje2-1024x682.jpg 1024w, https:\/\/hotelduje.com\/wp-content\/uploads\/2024\/04\/hotel-duje2-768x511.jpg 768w, https:\/\/hotelduje.com\/wp-content\/uploads\/2024\/04\/hotel-duje2-1536x1022.jpg 1536w\" sizes=\"(max-width: 1920px) 100vw, 1920px\" \/>\t\t\t<\/a>\n\t\t\t\t\t<\/div>\n\t\t\t\t\t\t<\/div>\n\t\t\t\t<\/div>\n\t\t\t\t\t<\/div>\n\t\t<\/div>\n\t\t\t\t\t<\/div>\n\t\t<\/section>\n\t\t\t\t<section class=\"elementor-section elementor-top-section elementor-element elementor-element-a07a12e elementor-section-boxed elementor-section-height-default elementor-section-height-default\" data-id=\"a07a12e\" data-element_type=\"section\" data-e-type=\"section\">\n\t\t\t\t\t\t<div class=\"elementor-container elementor-column-gap-default\">\n\t\t\t\t\t<div class=\"elementor-column elementor-col-50 elementor-top-column elementor-element elementor-element-54c4593\" data-id=\"54c4593\" data-element_type=\"column\" data-e-type=\"column\">\n\t\t\t<div class=\"elementor-widget-wrap elementor-element-populated\">\n\t\t\t\t\t\t<div class=\"elementor-element elementor-element-2893886 elementor-widget elementor-widget-raven-image\" data-id=\"2893886\" data-element_type=\"widget\" data-e-type=\"widget\" data-widget_type=\"raven-image.default\">\n\t\t\t\t<div class=\"elementor-widget-container\">\n\t\t\t\t\t\t\t<div class=\"raven-image\">\n\t\t\n\t\t\t\t\t\t<a href=\"https:\/\/hotelduje.com\/hr\/smjestaj\/obiteljske-sobe\/\" class=\"elementor-clickable\" data-elementor-open-lightbox=\"\">\n\t\t\n\t\t<img decoding=\"async\" width=\"1920\" height=\"1280\" src=\"https:\/\/hotelduje.com\/wp-content\/uploads\/2024\/04\/hotel-duje9.jpg\" class=\"attachment-full size-full wp-image-1373\" alt=\"Hotel Duje\" srcset=\"https:\/\/hotelduje.com\/wp-content\/uploads\/2024\/04\/hotel-duje9.jpg 1920w, https:\/\/hotelduje.com\/wp-content\/uploads\/2024\/04\/hotel-duje9-300x200.jpg 300w, https:\/\/hotelduje.com\/wp-content\/uploads\/2024\/04\/hotel-duje9-1024x683.jpg 1024w, https:\/\/hotelduje.com\/wp-content\/uploads\/2024\/04\/hotel-duje9-768x512.jpg 768w, https:\/\/hotelduje.com\/wp-content\/uploads\/2024\/04\/hotel-duje9-1536x1024.jpg 1536w\" sizes=\"(max-width: 1920px) 100vw, 1920px\" \/>\t\t\t<\/a>\n\t\t\t\t\t<\/div>\n\t\t\t\t\t\t<\/div>\n\t\t\t\t<\/div>\n\t\t\t\t\t<\/div>\n\t\t<\/div>\n\t\t\t\t<div class=\"elementor-column elementor-col-50 elementor-top-column elementor-element elementor-element-8eccbfa\" data-id=\"8eccbfa\" data-element_type=\"column\" data-e-type=\"column\">\n\t\t\t<div class=\"elementor-widget-wrap elementor-element-populated\">\n\t\t\t\t\t\t<div class=\"elementor-element elementor-element-71b066b elementor-widget elementor-widget-heading\" data-id=\"71b066b\" data-element_type=\"widget\" data-e-type=\"widget\" data-widget_type=\"heading.default\">\n\t\t\t\t<div class=\"elementor-widget-container\">\n\t\t\t\t\t<h3 class=\"elementor-heading-title elementor-size-default\">Restoran<\/h3>\t\t\t\t<\/div>\n\t\t\t\t<\/div>\n\t\t\t\t<div class=\"elementor-element elementor-element-981712c elementor-widget elementor-widget-text-editor\" data-id=\"981712c\" data-element_type=\"widget\" data-e-type=\"widget\" data-widget_type=\"text-editor.default\">\n\t\t\t\t<div class=\"elementor-widget-container\">\n\t\t\t\t\t\t\t\t\tRestoran uz doru\u010dak, za ve\u010deru nudi bogat buffet s brojnim toplim i hladnim predjelima, glavnim jelima te sezonskim vo\u0107em i povr\u0107em.\nKroz \u201ea la carte\u201c uslugu nudimo \u0161iroku paletu morskih specijaliteta, te raznovrsnih jela bogate hrvatske kuhinje, a sve po \u017eelji gosta koje \u0107e na\u0161e ljubazno i susretljivo osoblje nastojati ispuniti.\n\nRestoranska terasa je prividno odvojena kliznim stijenama, pa gosti uz jelo mogu u\u017eivati i u pogledu na more , kao i u predivnim zalascima sunca.\t\t\t\t\t\t\t\t<\/div>\n\t\t\t\t<\/div>\n\t\t\t\t\t<\/div>\n\t\t<\/div>\n\t\t\t\t\t<\/div>\n\t\t<\/section>\n\t\t\t\t<\/div>\n\t\t","protected":false},"excerpt":{"rendered":"<p>Sadr\u017eaji Bazen Za vru\u0107ih ljetnih dana osvje\u017eenje mo\u017eete potra\u017eiti u vanjskom bazenu, smje\u0161tenom u produ\u017eetku terase. Za goste hotela le\u017ealjke i suncobrani su besplatni, a ukoliko Vam je bazen malen, pla\u017ea je tik preko puta. Restoran Restoran uz doru\u010dak, za ve\u010deru nudi bogat buffet s brojnim toplim i hladnim predjelima, glavnim jelima te sezonskim vo\u0107em [&hellip;]<\/p>\n","protected":false},"author":1,"featured_media":0,"parent":0,"menu_order":0,"comment_status":"closed","ping_status":"closed","template":"elementor_header_footer","meta":{"footnotes":""},"class_list":["post-1490","page","type-page","status-publish","hentry"],"yoast_head":"<!-- This site is optimized with the Yoast SEO plugin v27.3 - https:\/\/yoast.com\/product\/yoast-seo-wordpress\/ -->\n<title>Sadr\u017eaji - Hotel Duje<\/title>\n<meta name=\"description\" content=\"Za vru\u0107ih ljetnih dana osvje\u017eenje mo\u017eete potra\u017eiti u vanjskom bazenu. Restoran uz doru\u010dak, za ve\u010deru nudi bogat buffet s brojnim toplim i hladnim predjelima, glavnim jelima te sezonskim vo\u0107em i povr\u0107em.\" \/>\n<meta name=\"robots\" content=\"index, follow, max-snippet:-1, max-image-preview:large, max-video-preview:-1\" \/>\n<link rel=\"canonical\" href=\"https:\/\/hotelduje.com\/hr\/sadrzaji\/\" \/>\n<meta property=\"og:locale\" content=\"hr_HR\" \/>\n<meta property=\"og:type\" content=\"article\" \/>\n<meta property=\"og:title\" content=\"Sadr\u017eaji - Hotel Duje\" \/>\n<meta property=\"og:description\" content=\"Za vru\u0107ih ljetnih dana osvje\u017eenje mo\u017eete potra\u017eiti u vanjskom bazenu. Restoran uz doru\u010dak, za ve\u010deru nudi bogat buffet s brojnim toplim i hladnim predjelima, glavnim jelima te sezonskim vo\u0107em i povr\u0107em.\" \/>\n<meta property=\"og:url\" content=\"https:\/\/hotelduje.com\/hr\/sadrzaji\/\" \/>\n<meta property=\"og:site_name\" content=\"Hotel Duje\" \/>\n<meta property=\"article:modified_time\" content=\"2024-07-02T19:29:05+00:00\" \/>\n<meta property=\"og:image\" content=\"https:\/\/hotelduje.com\/wp-content\/uploads\/2024\/04\/hotel-duje2.jpg\" \/>\n<meta name=\"twitter:card\" content=\"summary_large_image\" \/>\n<meta name=\"twitter:label1\" content=\"Procijenjeno vrijeme \u010ditanja\" \/>\n\t<meta name=\"twitter:data1\" content=\"1 minuta\" \/>\n<script type=\"application\/ld+json\" class=\"yoast-schema-graph\">{\"@context\":\"https:\\\/\\\/schema.org\",\"@graph\":[{\"@type\":\"WebPage\",\"@id\":\"https:\\\/\\\/hotelduje.com\\\/hr\\\/sadrzaji\\\/\",\"url\":\"https:\\\/\\\/hotelduje.com\\\/hr\\\/sadrzaji\\\/\",\"name\":\"Sadr\u017eaji - Hotel Duje\",\"isPartOf\":{\"@id\":\"https:\\\/\\\/hotelduje.com\\\/#website\"},\"primaryImageOfPage\":{\"@id\":\"https:\\\/\\\/hotelduje.com\\\/hr\\\/sadrzaji\\\/#primaryimage\"},\"image\":{\"@id\":\"https:\\\/\\\/hotelduje.com\\\/hr\\\/sadrzaji\\\/#primaryimage\"},\"thumbnailUrl\":\"https:\\\/\\\/hotelduje.com\\\/wp-content\\\/uploads\\\/2024\\\/04\\\/hotel-duje2.jpg\",\"datePublished\":\"2024-04-23T00:03:47+00:00\",\"dateModified\":\"2024-07-02T19:29:05+00:00\",\"description\":\"Za vru\u0107ih ljetnih dana osvje\u017eenje mo\u017eete potra\u017eiti u vanjskom bazenu. Restoran uz doru\u010dak, za ve\u010deru nudi bogat buffet s brojnim toplim i hladnim predjelima, glavnim jelima te sezonskim vo\u0107em i povr\u0107em.\",\"breadcrumb\":{\"@id\":\"https:\\\/\\\/hotelduje.com\\\/hr\\\/sadrzaji\\\/#breadcrumb\"},\"inLanguage\":\"hr\",\"potentialAction\":[{\"@type\":\"ReadAction\",\"target\":[\"https:\\\/\\\/hotelduje.com\\\/hr\\\/sadrzaji\\\/\"]}]},{\"@type\":\"ImageObject\",\"inLanguage\":\"hr\",\"@id\":\"https:\\\/\\\/hotelduje.com\\\/hr\\\/sadrzaji\\\/#primaryimage\",\"url\":\"https:\\\/\\\/hotelduje.com\\\/wp-content\\\/uploads\\\/2024\\\/04\\\/hotel-duje2.jpg\",\"contentUrl\":\"https:\\\/\\\/hotelduje.com\\\/wp-content\\\/uploads\\\/2024\\\/04\\\/hotel-duje2.jpg\"},{\"@type\":\"BreadcrumbList\",\"@id\":\"https:\\\/\\\/hotelduje.com\\\/hr\\\/sadrzaji\\\/#breadcrumb\",\"itemListElement\":[{\"@type\":\"ListItem\",\"position\":1,\"name\":\"Home\",\"item\":\"https:\\\/\\\/hotelduje.com\\\/hr\\\/\"},{\"@type\":\"ListItem\",\"position\":2,\"name\":\"Sadr\u017eaji\"}]},{\"@type\":\"WebSite\",\"@id\":\"https:\\\/\\\/hotelduje.com\\\/#website\",\"url\":\"https:\\\/\\\/hotelduje.com\\\/\",\"name\":\"Hotel Duje\",\"description\":\"Mjesto za Va\u0161 odmor\",\"publisher\":{\"@id\":\"https:\\\/\\\/hotelduje.com\\\/#organization\"},\"potentialAction\":[{\"@type\":\"SearchAction\",\"target\":{\"@type\":\"EntryPoint\",\"urlTemplate\":\"https:\\\/\\\/hotelduje.com\\\/?s={search_term_string}\"},\"query-input\":{\"@type\":\"PropertyValueSpecification\",\"valueRequired\":true,\"valueName\":\"search_term_string\"}}],\"inLanguage\":\"hr\"},{\"@type\":\"Organization\",\"@id\":\"https:\\\/\\\/hotelduje.com\\\/#organization\",\"name\":\"Hotel Duje\",\"url\":\"https:\\\/\\\/hotelduje.com\\\/\",\"logo\":{\"@type\":\"ImageObject\",\"inLanguage\":\"hr\",\"@id\":\"https:\\\/\\\/hotelduje.com\\\/#\\\/schema\\\/logo\\\/image\\\/\",\"url\":\"https:\\\/\\\/hotelduje.com\\\/wp-content\\\/uploads\\\/2024\\\/04\\\/logo.svg\",\"contentUrl\":\"https:\\\/\\\/hotelduje.com\\\/wp-content\\\/uploads\\\/2024\\\/04\\\/logo.svg\",\"width\":300,\"height\":500,\"caption\":\"Hotel Duje\"},\"image\":{\"@id\":\"https:\\\/\\\/hotelduje.com\\\/#\\\/schema\\\/logo\\\/image\\\/\"}}]}<\/script>\n<!-- \/ Yoast SEO plugin. -->","yoast_head_json":{"title":"Sadr\u017eaji - Hotel Duje","description":"Za vru\u0107ih ljetnih dana osvje\u017eenje mo\u017eete potra\u017eiti u vanjskom bazenu. Restoran uz doru\u010dak, za ve\u010deru nudi bogat buffet s brojnim toplim i hladnim predjelima, glavnim jelima te sezonskim vo\u0107em i povr\u0107em.","robots":{"index":"index","follow":"follow","max-snippet":"max-snippet:-1","max-image-preview":"max-image-preview:large","max-video-preview":"max-video-preview:-1"},"canonical":"https:\/\/hotelduje.com\/hr\/sadrzaji\/","og_locale":"hr_HR","og_type":"article","og_title":"Sadr\u017eaji - Hotel Duje","og_description":"Za vru\u0107ih ljetnih dana osvje\u017eenje mo\u017eete potra\u017eiti u vanjskom bazenu. Restoran uz doru\u010dak, za ve\u010deru nudi bogat buffet s brojnim toplim i hladnim predjelima, glavnim jelima te sezonskim vo\u0107em i povr\u0107em.","og_url":"https:\/\/hotelduje.com\/hr\/sadrzaji\/","og_site_name":"Hotel Duje","article_modified_time":"2024-07-02T19:29:05+00:00","og_image":[{"url":"https:\/\/hotelduje.com\/wp-content\/uploads\/2024\/04\/hotel-duje2.jpg","type":"","width":"","height":""}],"twitter_card":"summary_large_image","twitter_misc":{"Procijenjeno vrijeme \u010ditanja":"1 minuta"},"schema":{"@context":"https:\/\/schema.org","@graph":[{"@type":"WebPage","@id":"https:\/\/hotelduje.com\/hr\/sadrzaji\/","url":"https:\/\/hotelduje.com\/hr\/sadrzaji\/","name":"Sadr\u017eaji - Hotel Duje","isPartOf":{"@id":"https:\/\/hotelduje.com\/#website"},"primaryImageOfPage":{"@id":"https:\/\/hotelduje.com\/hr\/sadrzaji\/#primaryimage"},"image":{"@id":"https:\/\/hotelduje.com\/hr\/sadrzaji\/#primaryimage"},"thumbnailUrl":"https:\/\/hotelduje.com\/wp-content\/uploads\/2024\/04\/hotel-duje2.jpg","datePublished":"2024-04-23T00:03:47+00:00","dateModified":"2024-07-02T19:29:05+00:00","description":"Za vru\u0107ih ljetnih dana osvje\u017eenje mo\u017eete potra\u017eiti u vanjskom bazenu. Restoran uz doru\u010dak, za ve\u010deru nudi bogat buffet s brojnim toplim i hladnim predjelima, glavnim jelima te sezonskim vo\u0107em i povr\u0107em.","breadcrumb":{"@id":"https:\/\/hotelduje.com\/hr\/sadrzaji\/#breadcrumb"},"inLanguage":"hr","potentialAction":[{"@type":"ReadAction","target":["https:\/\/hotelduje.com\/hr\/sadrzaji\/"]}]},{"@type":"ImageObject","inLanguage":"hr","@id":"https:\/\/hotelduje.com\/hr\/sadrzaji\/#primaryimage","url":"https:\/\/hotelduje.com\/wp-content\/uploads\/2024\/04\/hotel-duje2.jpg","contentUrl":"https:\/\/hotelduje.com\/wp-content\/uploads\/2024\/04\/hotel-duje2.jpg"},{"@type":"BreadcrumbList","@id":"https:\/\/hotelduje.com\/hr\/sadrzaji\/#breadcrumb","itemListElement":[{"@type":"ListItem","position":1,"name":"Home","item":"https:\/\/hotelduje.com\/hr\/"},{"@type":"ListItem","position":2,"name":"Sadr\u017eaji"}]},{"@type":"WebSite","@id":"https:\/\/hotelduje.com\/#website","url":"https:\/\/hotelduje.com\/","name":"Hotel Duje","description":"Mjesto za Va\u0161 odmor","publisher":{"@id":"https:\/\/hotelduje.com\/#organization"},"potentialAction":[{"@type":"SearchAction","target":{"@type":"EntryPoint","urlTemplate":"https:\/\/hotelduje.com\/?s={search_term_string}"},"query-input":{"@type":"PropertyValueSpecification","valueRequired":true,"valueName":"search_term_string"}}],"inLanguage":"hr"},{"@type":"Organization","@id":"https:\/\/hotelduje.com\/#organization","name":"Hotel Duje","url":"https:\/\/hotelduje.com\/","logo":{"@type":"ImageObject","inLanguage":"hr","@id":"https:\/\/hotelduje.com\/#\/schema\/logo\/image\/","url":"https:\/\/hotelduje.com\/wp-content\/uploads\/2024\/04\/logo.svg","contentUrl":"https:\/\/hotelduje.com\/wp-content\/uploads\/2024\/04\/logo.svg","width":300,"height":500,"caption":"Hotel Duje"},"image":{"@id":"https:\/\/hotelduje.com\/#\/schema\/logo\/image\/"}}]}},"_links":{"self":[{"href":"https:\/\/hotelduje.com\/hr\/wp-json\/wp\/v2\/pages\/1490","targetHints":{"allow":["GET"]}}],"collection":[{"href":"https:\/\/hotelduje.com\/hr\/wp-json\/wp\/v2\/pages"}],"about":[{"href":"https:\/\/hotelduje.com\/hr\/wp-json\/wp\/v2\/types\/page"}],"author":[{"embeddable":true,"href":"https:\/\/hotelduje.com\/hr\/wp-json\/wp\/v2\/users\/1"}],"replies":[{"embeddable":true,"href":"https:\/\/hotelduje.com\/hr\/wp-json\/wp\/v2\/comments?post=1490"}],"version-history":[{"count":1,"href":"https:\/\/hotelduje.com\/hr\/wp-json\/wp\/v2\/pages\/1490\/revisions"}],"predecessor-version":[{"id":1491,"href":"https:\/\/hotelduje.com\/hr\/wp-json\/wp\/v2\/pages\/1490\/revisions\/1491"}],"wp:attachment":[{"href":"https:\/\/hotelduje.com\/hr\/wp-json\/wp\/v2\/media?parent=1490"}],"curies":[{"name":"wp","href":"https:\/\/api.w.org\/{rel}","templated":true}]}}